{"id":95,"date":"2024-12-18T17:46:16","date_gmt":"2024-12-18T17:46:16","guid":{"rendered":"http:\/\/localhost\/grs-news\/home\/"},"modified":"2026-03-07T09:16:27","modified_gmt":"2026-03-07T09:16:27","slug":"home","status":"publish","type":"page","link":"https:\/\/grs.opik.net\/fr\/","title":{"rendered":"Home"},"content":{"rendered":"\t\t<div data-elementor-type=\"wp-page\" data-elementor-id=\"95\" class=\"elementor elementor-95\">\n\t\t\t\t<div class=\"elementor-element elementor-element-1aab70c e-flex e-con-boxed e-con e-parent\" data-id=\"1aab70c\" data-element_type=\"container\" data-e-type=\"container\">\n\t\t\t\t\t<div class=\"e-con-inner\">\n\t\t<div class=\"elementor-element elementor-element-1b6ec1b e-con-full e-flex e-con e-child\" data-id=\"1b6ec1b\" data-element_type=\"container\" data-e-type=\"container\">\n\t\t<div class=\"elementor-element elementor-element-30e48f7 e-con-full e-flex e-con e-child\" data-id=\"30e48f7\" data-element_type=\"container\" data-e-type=\"container\">\n\t\t\t\t<div class=\"elementor-element elementor-element-d7284b1 elementor-widget elementor-widget-heading\" data-id=\"d7284b1\" data-element_type=\"widget\" data-e-type=\"widget\" data-widget_type=\"heading.default\">\n\t\t\t\t<div class=\"elementor-widget-container\">\n\t\t\t\t\t<h3 class=\"elementor-heading-title elementor-size-default\">Bienvenue chez\n<\/h3>\t\t\t\t<\/div>\n\t\t\t\t<\/div>\n\t\t\t\t<div class=\"elementor-element elementor-element-c155a25 elementor-widget elementor-widget-heading\" data-id=\"c155a25\" data-element_type=\"widget\" data-e-type=\"widget\" data-widget_type=\"heading.default\">\n\t\t\t\t<div class=\"elementor-widget-container\">\n\t\t\t\t\t<h3 class=\"elementor-heading-title elementor-size-default\">GRS<\/h3>\t\t\t\t<\/div>\n\t\t\t\t<\/div>\n\t\t\t\t<\/div>\n\t\t\t\t<div class=\"elementor-element elementor-element-2e0ac39 elementor-widget elementor-widget-heading\" data-id=\"2e0ac39\" data-element_type=\"widget\" data-e-type=\"widget\" data-widget_type=\"heading.default\">\n\t\t\t\t<div class=\"elementor-widget-container\">\n\t\t\t\t\t<h3 class=\"elementor-heading-title elementor-size-default\">Votre partenaire \u00e9cologique et \u00e9conomique de l'entretien de vos espaces verts et urbains pour <br> les Professionnelles - les Villes - les Communes<\/h3>\t\t\t\t<\/div>\n\t\t\t\t<\/div>\n\t\t\t\t<div class=\"elementor-element elementor-element-3d78775 elementor-widget elementor-widget-heading\" data-id=\"3d78775\" data-element_type=\"widget\" data-e-type=\"widget\" data-widget_type=\"heading.default\">\n\t\t\t\t<div class=\"elementor-widget-container\">\n\t\t\t\t\t<h4 class=\"elementor-heading-title elementor-size-default\">Notre offre<\/h4>\t\t\t\t<\/div>\n\t\t\t\t<\/div>\n\t\t\t\t<\/div>\n\t\t\t\t\t<\/div>\n\t\t\t\t<\/div>\n\t\t<div class=\"elementor-element elementor-element-d517146 e-con-full e-flex e-con e-parent\" data-id=\"d517146\" data-element_type=\"container\" data-e-type=\"container\">\n\t\t\t\t<div class=\"elementor-element elementor-element-aa147f7 elementor-widget elementor-widget-shortcode\" data-id=\"aa147f7\" data-element_type=\"widget\" data-e-type=\"widget\" data-widget_type=\"shortcode.default\">\n\t\t\t\t<div class=\"elementor-widget-container\">\n\t\t\t\t\t\t\t<div class=\"elementor-shortcode\"><div class=\"woocommerce columns-4\"><ul class=\"products columns-4\">\n<li class=\"product-category-card product-category product first\">\n    <div class=\"category-container\">\n        <a aria-label=\"Acc\u00e9der \u00e0 la cat\u00e9gorie de produits Transporteur \u00e9lectrique &quot;Cochet&quot; Rhino\" href=\"https:\/\/grs.opik.net\/fr\/product\/transporteur-electrique-cochet-rhino\/\"><div class=\"image-container\"><img fetchpriority=\"high\" decoding=\"async\" src=\"https:\/\/grs.opik.net\/fr\/wp-content\/uploads\/2026\/02\/Transporteur-electrique-Cochet-Rhino.png\" alt=\"Transporteur \u00e9lectrique &quot;Cochet&quot; Rhino\" width=\"300\" height=\"300\" srcset=\"https:\/\/grs.opik.net\/fr\/wp-content\/uploads\/2026\/02\/Transporteur-electrique-Cochet-Rhino.png 134w, https:\/\/grs.opik.net\/fr\/wp-content\/uploads\/2026\/02\/Transporteur-electrique-Cochet-Rhino-100x100.png 100w\" sizes=\"(max-width: 134px) 100vw, 134px\" \/><\/div><div class=\"text-container\"><h2>Transporteur \u00e9lectrique &quot;Cochet&quot; Rhino<\/h2><\/div><\/a>    <\/div>\n<\/li><li class=\"product-category-card product-category product\">\n    <div class=\"category-container\">\n        <a aria-label=\"Acc\u00e9der \u00e0 la cat\u00e9gorie de produits Transporteur \u00e9lectrique &quot;Cochet&quot; Bull\" href=\"https:\/\/grs.opik.net\/fr\/product\/transporteur-electrique-cochet-bull\/\"><div class=\"image-container\"><img decoding=\"async\" src=\"https:\/\/grs.opik.net\/fr\/wp-content\/uploads\/2026\/02\/Transporteur-electrique-Cochet-Bull-2-300x300.png\" alt=\"Transporteur \u00e9lectrique &quot;Cochet&quot; Bull\" width=\"300\" height=\"300\" srcset=\"https:\/\/grs.opik.net\/fr\/wp-content\/uploads\/2026\/02\/Transporteur-electrique-Cochet-Bull-2-300x300.png 300w, https:\/\/grs.opik.net\/fr\/wp-content\/uploads\/2026\/02\/Transporteur-electrique-Cochet-Bull-2-150x150.png 150w, https:\/\/grs.opik.net\/fr\/wp-content\/uploads\/2026\/02\/Transporteur-electrique-Cochet-Bull-2-100x100.png 100w\" sizes=\"(max-width: 300px) 100vw, 300px\" \/><\/div><div class=\"text-container\"><h2>Transporteur \u00e9lectrique &quot;Cochet&quot; Bull<\/h2><\/div><\/a>    <\/div>\n<\/li><li class=\"product-category-card product-category product\">\n    <div class=\"category-container\">\n        <a aria-label=\"Acc\u00e9der \u00e0 la cat\u00e9gorie de produits Transporteur \u00e9lectrique &quot;Cochet&quot; Pico\" href=\"https:\/\/grs.opik.net\/fr\/product\/transporteur-electrique-cochet-pico\/\"><div class=\"image-container\"><img decoding=\"async\" src=\"https:\/\/grs.opik.net\/fr\/wp-content\/uploads\/2026\/02\/Transporteur-electrique-Cochet-Bull-1-300x300.png\" alt=\"Transporteur \u00e9lectrique &quot;Cochet&quot; Pico\" width=\"300\" height=\"300\" srcset=\"https:\/\/grs.opik.net\/fr\/wp-content\/uploads\/2026\/02\/Transporteur-electrique-Cochet-Bull-1-300x300.png 300w, https:\/\/grs.opik.net\/fr\/wp-content\/uploads\/2026\/02\/Transporteur-electrique-Cochet-Bull-1-150x150.png 150w, https:\/\/grs.opik.net\/fr\/wp-content\/uploads\/2026\/02\/Transporteur-electrique-Cochet-Bull-1-100x100.png 100w\" sizes=\"(max-width: 300px) 100vw, 300px\" \/><\/div><div class=\"text-container\"><h2>Transporteur \u00e9lectrique &quot;Cochet&quot; Pico<\/h2><\/div><\/a>    <\/div>\n<\/li><li class=\"product-category-card product-category product last\">\n    <div class=\"category-container\">\n        <a aria-label=\"Acc\u00e9der \u00e0 la cat\u00e9gorie de produits D\u00e9sherbage m\u00e9canique sans projection\" href=\"https:\/\/grs.opik.net\/fr\/product\/desherbeur-sans-projection-10-cm-des-voitures-thermique-ou-electrique\/\"><div class=\"image-container\"><img loading=\"lazy\" decoding=\"async\" src=\"https:\/\/grs.opik.net\/fr\/wp-content\/uploads\/2025\/03\/1-29-300x300.png\" alt=\"D\u00e9sherbage m\u00e9canique sans projection\" width=\"300\" height=\"300\" srcset=\"https:\/\/grs.opik.net\/fr\/wp-content\/uploads\/2025\/03\/1-29-300x300.png 300w, https:\/\/grs.opik.net\/fr\/wp-content\/uploads\/2025\/03\/1-29-150x150.png 150w, https:\/\/grs.opik.net\/fr\/wp-content\/uploads\/2025\/03\/1-29-100x100.png 100w\" sizes=\"(max-width: 300px) 100vw, 300px\" \/><\/div><div class=\"text-container\"><h2>D\u00e9sherbage m\u00e9canique sans projection<\/h2><\/div><\/a>    <\/div>\n<\/li><li class=\"product-category-card product-category product first\">\n    <div class=\"category-container\">\n        <a aria-label=\"Acc\u00e9der \u00e0 la cat\u00e9gorie de produits D\u00e9sherbage m\u00e9canique\" href=\"https:\/\/grs.opik.net\/fr\/product\/desherbage-pavage-filet-deau-nettoyage-deneigement-pour-motoculteur\/\"><div class=\"image-container\"><img loading=\"lazy\" decoding=\"async\" src=\"https:\/\/grs.opik.net\/fr\/wp-content\/uploads\/2026\/02\/Desherbage-mecanique.png\" alt=\"D\u00e9sherbage m\u00e9canique\" width=\"300\" height=\"300\" \/><\/div><div class=\"text-container\"><h2>D\u00e9sherbage m\u00e9canique<\/h2><\/div><\/a>    <\/div>\n<\/li><li class=\"product-category-card product-category product\">\n    <div class=\"category-container\">\n        <a aria-label=\"Acc\u00e9der \u00e0 la cat\u00e9gorie de produits D\u00e9sherbage m\u00e9canique gravier - sable -terre battue\" href=\"https:\/\/grs.opik.net\/fr\/product\/desherbeur-gravier-modele-44-cm-65-cm-85-cm\/\"><div class=\"image-container\"><img loading=\"lazy\" decoding=\"async\" src=\"https:\/\/grs.opik.net\/fr\/wp-content\/uploads\/2025\/03\/Desherbage-mecanique-gravier-sable-terre-battue-300x286.png\" alt=\"D\u00e9sherbage m\u00e9canique gravier - sable -terre battue\" width=\"300\" height=\"300\" \/><\/div><div class=\"text-container\"><h2>D\u00e9sherbage m\u00e9canique gravier - sable -terre battue<\/h2><\/div><\/a>    <\/div>\n<\/li><li class=\"product-category-card product-category product\">\n    <div class=\"category-container\">\n        <a aria-label=\"Acc\u00e9der \u00e0 la cat\u00e9gorie de produits Balais brosse\" href=\"https:\/\/grs.opik.net\/fr\/product\/balai-brosse-a-batterie-47-cv\/\"><div class=\"image-container\"><img loading=\"lazy\" decoding=\"async\" src=\"https:\/\/grs.opik.net\/fr\/wp-content\/uploads\/2025\/06\/24-1-300x278.png\" alt=\"Balais brosse\" width=\"300\" height=\"300\" \/><\/div><div class=\"text-container\"><h2>Balais brosse<\/h2><\/div><\/a>    <\/div>\n<\/li><li class=\"product-category-card product-category product last\">\n    <div class=\"category-container\">\n        <a aria-label=\"Acc\u00e9der \u00e0 la cat\u00e9gorie de produits Aspirateur de feuilles 23cv\" href=\"https:\/\/grs.opik.net\/fr\/product\/aspirateur-de-feuilles-4-pales-negri-sur-ridelle-camionette-puissance-13cv\/\"><div class=\"image-container\"><img loading=\"lazy\" decoding=\"async\" src=\"https:\/\/grs.opik.net\/fr\/wp-content\/uploads\/2026\/02\/Aspirateur-de-feuilles-23cv.png\" alt=\"Aspirateur de feuilles 23cv\" width=\"300\" height=\"300\" \/><\/div><div class=\"text-container\"><h2>Aspirateur de feuilles 23cv<\/h2><\/div><\/a>    <\/div>\n<\/li><li class=\"product-category-card product-category product first\">\n    <div class=\"category-container\">\n        <a aria-label=\"Acc\u00e9der \u00e0 la cat\u00e9gorie de produits Epandeur de sel\" href=\"https:\/\/grs.opik.net\/fr\/product\/epandeur-de-sel\/\"><div class=\"image-container\"><img loading=\"lazy\" decoding=\"async\" src=\"https:\/\/grs.opik.net\/fr\/wp-content\/uploads\/2026\/02\/Epandeur-de-sel-2-300x300.png\" alt=\"Epandeur de sel\" width=\"300\" height=\"300\" srcset=\"https:\/\/grs.opik.net\/fr\/wp-content\/uploads\/2026\/02\/Epandeur-de-sel-2-300x300.png 300w, https:\/\/grs.opik.net\/fr\/wp-content\/uploads\/2026\/02\/Epandeur-de-sel-2-150x150.png 150w, https:\/\/grs.opik.net\/fr\/wp-content\/uploads\/2026\/02\/Epandeur-de-sel-2-100x100.png 100w\" sizes=\"(max-width: 300px) 100vw, 300px\" \/><\/div><div class=\"text-container\"><h2>Epandeur de sel<\/h2><\/div><\/a>    <\/div>\n<\/li><li class=\"product-category-card product-category product\">\n    <div class=\"category-container\">\n        <a aria-label=\"Acc\u00e9der \u00e0 la cat\u00e9gorie de produits Motoculteur et accessoires\" href=\"https:\/\/grs.opik.net\/fr\/product\/motoculteur-et-accessoires\/\"><div class=\"image-container\"><img loading=\"lazy\" decoding=\"async\" src=\"https:\/\/grs.opik.net\/fr\/wp-content\/uploads\/2026\/02\/Motoculteur-et-accessoires.png\" alt=\"Motoculteur et accessoires\" width=\"300\" height=\"300\" \/><\/div><div class=\"text-container\"><h2>Motoculteur et accessoires<\/h2><\/div><\/a>    <\/div>\n<\/li><li class=\"product-category-card product-category product\">\n    <div class=\"category-container\">\n        <a aria-label=\"Acc\u00e9der \u00e0 la cat\u00e9gorie de produits Tracteurs &quot;BCS&quot; et accessoires\" href=\"https:\/\/grs.opik.net\/fr\/product\/tracteurs-bcs-et-accessoires\/\"><div class=\"image-container\"><img loading=\"lazy\" decoding=\"async\" src=\"https:\/\/grs.opik.net\/fr\/wp-content\/uploads\/2026\/02\/95458-pdf.jpg\" alt=\"Tracteurs &quot;BCS&quot; et accessoires\" width=\"300\" height=\"300\" \/><\/div><div class=\"text-container\"><h2>Tracteurs &quot;BCS&quot; et accessoires<\/h2><\/div><\/a>    <\/div>\n<\/li><li class=\"product-category-card product-category product last\">\n    <div class=\"category-container\">\n        <a aria-label=\"Acc\u00e9der \u00e0 la cat\u00e9gorie de produits Solution par satellites\" href=\"https:\/\/grs.opik.net\/fr\/product\/satlab-freyja\/\"><div class=\"image-container\"><img loading=\"lazy\" decoding=\"async\" src=\"https:\/\/grs.opik.net\/fr\/wp-content\/uploads\/2025\/04\/satlab-27-02-26-1-pdf.jpg\" alt=\"Solution par satellites\" width=\"300\" height=\"300\" \/><\/div><div class=\"text-container\"><h2>Solution par satellites<\/h2><\/div><\/a>    <\/div>\n<\/li><li class=\"product-category-card product-category product first\">\n    <div class=\"category-container\">\n        <a aria-label=\"Acc\u00e9der \u00e0 la cat\u00e9gorie de produits D\u00e9sherbeur sur d\u00e9broussailleuse\" href=\"https:\/\/grs.opik.net\/fr\/product\/desherbeur-sur-debroussailleuse\/\"><div class=\"image-container\"><img loading=\"lazy\" decoding=\"async\" src=\"https:\/\/grs.opik.net\/fr\/wp-content\/uploads\/2026\/02\/Desherbeur-sur-debroussailleuse.png\" alt=\"D\u00e9sherbeur sur d\u00e9broussailleuse\" width=\"300\" height=\"300\" \/><\/div><div class=\"text-container\"><h2>D\u00e9sherbeur sur d\u00e9broussailleuse<\/h2><\/div><\/a>    <\/div>\n<\/li><li class=\"product-category-card product-category product\">\n    <div class=\"category-container\">\n        <a aria-label=\"Acc\u00e9der \u00e0 la cat\u00e9gorie de produits L\u00e8ve plaque magn\u00e9tique\" href=\"https:\/\/grs.opik.net\/fr\/product\/leve-plaque-magnetique\/\"><div class=\"image-container\"><img loading=\"lazy\" decoding=\"async\" src=\"https:\/\/grs.opik.net\/fr\/wp-content\/uploads\/2026\/02\/Leve-plaque-magnetique.png\" alt=\"L\u00e8ve plaque magn\u00e9tique\" width=\"300\" height=\"300\" \/><\/div><div class=\"text-container\"><h2>L\u00e8ve plaque magn\u00e9tique<\/h2><\/div><\/a>    <\/div>\n<\/li><li class=\"product-category-card product-category product\">\n    <div class=\"category-container\">\n        <a aria-label=\"Acc\u00e9der \u00e0 la cat\u00e9gorie de produits Balayeuse\" href=\"https:\/\/grs.opik.net\/fr\/product\/balayeuse-comac\/\"><div class=\"image-container\"><img loading=\"lazy\" decoding=\"async\" src=\"https:\/\/grs.opik.net\/fr\/wp-content\/uploads\/2026\/02\/comac-1-pdf.jpg\" alt=\"Balayeuse\" width=\"300\" height=\"300\" \/><\/div><div class=\"text-container\"><h2>Balayeuse<\/h2><\/div><\/a>    <\/div>\n<\/li><\/ul>\n<\/div><\/div>\n\t\t\t\t\t\t<\/div>\n\t\t\t\t<\/div>\n\t\t\t\t<\/div>\n\t\t<div class=\"elementor-element elementor-element-2f182bd elementor-hidden-desktop elementor-hidden-tablet elementor-hidden-mobile e-flex e-con-boxed e-con e-parent\" data-id=\"2f182bd\" data-element_type=\"container\" data-e-type=\"container\" data-settings=\"{&quot;background_background&quot;:&quot;gradient&quot;}\">\n\t\t\t\t\t<div class=\"e-con-inner\">\n\t\t<div class=\"elementor-element elementor-element-1a04e47 e-con-full e-flex e-con e-child\" data-id=\"1a04e47\" data-element_type=\"container\" data-e-type=\"container\">\n\t\t\t\t<div class=\"elementor-element elementor-element-29f6863 elementor-view-default elementor-widget elementor-widget-icon\" data-id=\"29f6863\" data-element_type=\"widget\" data-e-type=\"widget\" data-widget_type=\"icon.default\">\n\t\t\t\t<div class=\"elementor-widget-container\">\n\t\t\t\t\t\t\t<div class=\"elementor-icon-wrapper\">\n\t\t\t<div class=\"elementor-icon\">\n\t\t\t<svg aria-hidden=\"true\" class=\"e-font-icon-svg e-fas-book\" viewBox=\"0 0 448 512\" xmlns=\"http:\/\/www.w3.org\/2000\/svg\"><path d=\"M448 360V24c0-13.3-10.7-24-24-24H96C43 0 0 43 0 96v320c0 53 43 96 96 96h328c13.3 0 24-10.7 24-24v-16c0-7.5-3.5-14.3-8.9-18.7-4.2-15.4-4.2-59.3 0-74.7 5.4-4.3 8.9-11.1 8.9-18.6zM128 134c0-3.3 2.7-6 6-6h212c3.3 0 6 2.7 6 6v20c0 3.3-2.7 6-6 6H134c-3.3 0-6-2.7-6-6v-20zm0 64c0-3.3 2.7-6 6-6h212c3.3 0 6 2.7 6 6v20c0 3.3-2.7 6-6 6H134c-3.3 0-6-2.7-6-6v-20zm253.4 250H96c-17.7 0-32-14.3-32-32 0-17.6 14.4-32 32-32h285.4c-1.9 17.1-1.9 46.9 0 64z\"><\/path><\/svg>\t\t\t<\/div>\n\t\t<\/div>\n\t\t\t\t\t\t<\/div>\n\t\t\t\t<\/div>\n\t\t\t\t<div class=\"elementor-element elementor-element-2d39f85 elementor-widget elementor-widget-heading\" data-id=\"2d39f85\" data-element_type=\"widget\" data-e-type=\"widget\" data-widget_type=\"heading.default\">\n\t\t\t\t<div class=\"elementor-widget-container\">\n\t\t\t\t\t<h2 class=\"elementor-heading-title elementor-size-default\">Catalogue en ligne<\/h2>\t\t\t\t<\/div>\n\t\t\t\t<\/div>\n\t\t\t\t<div class=\"elementor-element elementor-element-8a7c19b elementor-widget elementor-widget-button\" data-id=\"8a7c19b\" data-element_type=\"widget\" data-e-type=\"widget\" data-widget_type=\"button.default\">\n\t\t\t\t<div class=\"elementor-widget-container\">\n\t\t\t\t\t\t\t\t\t<div class=\"elementor-button-wrapper\">\n\t\t\t\t\t<a class=\"elementor-button elementor-button-link elementor-size-sm\" href=\"https:\/\/grs.news\/wp-content\/uploads\/2025\/02\/Catalogue.pdf\">\n\t\t\t\t\t\t<span class=\"elementor-button-content-wrapper\">\n\t\t\t\t\t\t<span class=\"elementor-button-icon\">\n\t\t\t\t<svg aria-hidden=\"true\" class=\"e-font-icon-svg e-fas-book-open\" viewBox=\"0 0 576 512\" xmlns=\"http:\/\/www.w3.org\/2000\/svg\"><path d=\"M542.22 32.05c-54.8 3.11-163.72 14.43-230.96 55.59-4.64 2.84-7.27 7.89-7.27 13.17v363.87c0 11.55 12.63 18.85 23.28 13.49 69.18-34.82 169.23-44.32 218.7-46.92 16.89-.89 30.02-14.43 30.02-30.66V62.75c.01-17.71-15.35-31.74-33.77-30.7zM264.73 87.64C197.5 46.48 88.58 35.17 33.78 32.05 15.36 31.01 0 45.04 0 62.75V400.6c0 16.24 13.13 29.78 30.02 30.66 49.49 2.6 149.59 12.11 218.77 46.95 10.62 5.35 23.21-1.94 23.21-13.46V100.63c0-5.29-2.62-10.14-7.27-12.99z\"><\/path><\/svg>\t\t\t<\/span>\n\t\t\t\t\t\t\t\t\t<span class=\"elementor-button-text\">Ouvrir<\/span>\n\t\t\t\t\t<\/span>\n\t\t\t\t\t<\/a>\n\t\t\t\t<\/div>\n\t\t\t\t\t\t\t\t<\/div>\n\t\t\t\t<\/div>\n\t\t\t\t<\/div>\n\t\t\t\t\t<\/div>\n\t\t\t\t<\/div>\n\t\t\t\t<\/div>\n\t\t","protected":false},"excerpt":{"rendered":"<p>Bienvenue chez GRS Votre partenaire \u00e9cologique et \u00e9conomique de l&rsquo;entretien de vos espaces verts et urbains pour les Professionnelles &#8211; les Villes &#8211; les Communes Notre offre Catalogue en ligne Ouvrir<\/p>\n","protected":false},"author":1,"featured_media":0,"parent":0,"menu_order":0,"comment_status":"closed","ping_status":"closed","template":"","meta":{"_acf_changed":false,"site-sidebar-layout":"no-sidebar","site-content-layout":"page-builder","ast-site-content-layout":"full-width-container","site-content-style":"unboxed","site-sidebar-style":"unboxed","ast-global-header-display":"","ast-banner-title-visibility":"","ast-main-header-display":"","ast-hfb-above-header-display":"","ast-hfb-below-header-display":"","ast-hfb-mobile-header-display":"","site-post-title":"disabled","ast-breadcrumbs-content":"","ast-featured-img":"disabled","footer-sml-layout":"","ast-disable-related-posts":"","theme-transparent-header-meta":"default","adv-header-id-meta":"","stick-header-meta":"","header-above-stick-meta":"","header-main-stick-meta":"","header-below-stick-meta":"","astra-migrate-meta-layouts":"set","ast-page-background-enabled":"default","ast-page-background-meta":{"desktop":{"background-color":"","background-image":"","background-repeat":"repeat","background-position":"center center","background-size":"auto","background-attachment":"scroll","background-type":"","background-media":"","overlay-type":"","overlay-color":"","overlay-opacity":"","overlay-gradient":""},"tablet":{"background-color":"","background-image":"","background-repeat":"repeat","background-position":"center center","background-size":"auto","background-attachment":"scroll","background-type":"","background-media":"","overlay-type":"","overlay-color":"","overlay-opacity":"","overlay-gradient":""},"mobile":{"background-color":"","background-image":"","background-repeat":"repeat","background-position":"center center","background-size":"auto","background-attachment":"scroll","background-type":"","background-media":"","overlay-type":"","overlay-color":"","overlay-opacity":"","overlay-gradient":""}},"ast-content-background-meta":{"desktop":{"background-color":"var(--ast-global-color-5)","background-image":"","background-repeat":"repeat","background-position":"center center","background-size":"auto","background-attachment":"scroll","background-type":"","background-media":"","overlay-type":"","overlay-color":"","overlay-opacity":"","overlay-gradient":""},"tablet":{"background-color":"var(--ast-global-color-5)","background-image":"","background-repeat":"repeat","background-position":"center center","background-size":"auto","background-attachment":"scroll","background-type":"","background-media":"","overlay-type":"","overlay-color":"","overlay-opacity":"","overlay-gradient":""},"mobile":{"background-color":"var(--ast-global-color-5)","background-image":"","background-repeat":"repeat","background-position":"center center","background-size":"auto","background-attachment":"scroll","background-type":"","background-media":"","overlay-type":"","overlay-color":"","overlay-opacity":"","overlay-gradient":""}},"slim_seo":{"title":"GRS - Home","description":"Bienvenue chez GRS, Votre partenaire \u00e9cologique et \u00e9conomique de l'entretien de vos espaces verts et urbains pour les Professionnelles - les Villes - les Communes"},"footnotes":""},"class_list":["post-95","page","type-page","status-publish","hentry"],"acf":[],"_links":{"self":[{"href":"https:\/\/grs.opik.net\/fr\/wp-json\/wp\/v2\/pages\/95","targetHints":{"allow":["GET"]}}],"collection":[{"href":"https:\/\/grs.opik.net\/fr\/wp-json\/wp\/v2\/pages"}],"about":[{"href":"https:\/\/grs.opik.net\/fr\/wp-json\/wp\/v2\/types\/page"}],"author":[{"embeddable":true,"href":"https:\/\/grs.opik.net\/fr\/wp-json\/wp\/v2\/users\/1"}],"replies":[{"embeddable":true,"href":"https:\/\/grs.opik.net\/fr\/wp-json\/wp\/v2\/comments?post=95"}],"version-history":[{"count":253,"href":"https:\/\/grs.opik.net\/fr\/wp-json\/wp\/v2\/pages\/95\/revisions"}],"predecessor-version":[{"id":6806,"href":"https:\/\/grs.opik.net\/fr\/wp-json\/wp\/v2\/pages\/95\/revisions\/6806"}],"wp:attachment":[{"href":"https:\/\/grs.opik.net\/fr\/wp-json\/wp\/v2\/media?parent=95"}],"curies":[{"name":"wp","href":"https:\/\/api.w.org\/{rel}","templated":true}]}}