{"id":96,"date":"2024-12-18T17:46:16","date_gmt":"2024-12-18T17:46:16","guid":{"rendered":"http:\/\/localhost\/grs-news\/about\/"},"modified":"2025-06-12T13:48:55","modified_gmt":"2025-06-12T13:48:55","slug":"about","status":"publish","type":"page","link":"https:\/\/grs.opik.net\/fr\/about\/","title":{"rendered":"About"},"content":{"rendered":"\t\t<div data-elementor-type=\"wp-post\" data-elementor-id=\"96\" class=\"elementor elementor-96\">\n\t\t\t\t<div class=\"elementor-element elementor-element-dfdc5a6 e-flex e-con-boxed e-con e-parent\" data-id=\"dfdc5a6\" data-element_type=\"container\" data-e-type=\"container\" data-settings=\"{&quot;background_background&quot;:&quot;classic&quot;}\">\n\t\t\t\t\t<div class=\"e-con-inner\">\n\t\t<div class=\"elementor-element elementor-element-1eaf493 e-con-full e-flex e-con e-child\" data-id=\"1eaf493\" data-element_type=\"container\" data-e-type=\"container\">\n\t\t\t\t<div class=\"elementor-element elementor-element-2ea6a7d elementor-widget elementor-widget-heading\" data-id=\"2ea6a7d\" data-element_type=\"widget\" data-e-type=\"widget\" data-widget_type=\"heading.default\">\n\t\t\t\t<div class=\"elementor-widget-container\">\n\t\t\t\t\t<h1 class=\"elementor-heading-title elementor-size-default\">\u00c0 propos de nous<\/h1>\t\t\t\t<\/div>\n\t\t\t\t<\/div>\n\t\t\t\t<\/div>\n\t\t\t\t\t<\/div>\n\t\t\t\t<\/div>\n\t\t<div class=\"elementor-element elementor-element-748980c e-flex e-con-boxed e-con e-parent\" data-id=\"748980c\" data-element_type=\"container\" data-e-type=\"container\">\n\t\t\t\t\t<div class=\"e-con-inner\">\n\t\t<div class=\"elementor-element elementor-element-9945606 e-con-full e-flex e-con e-child\" data-id=\"9945606\" data-element_type=\"container\" data-e-type=\"container\">\n\t\t\t\t<div class=\"elementor-element elementor-element-2c7a0f8 elementor-widget elementor-widget-image-box\" data-id=\"2c7a0f8\" data-element_type=\"widget\" data-e-type=\"widget\" data-widget_type=\"image-box.default\">\n\t\t\t\t<div class=\"elementor-widget-container\">\n\t\t\t\t\t<div class=\"elementor-image-box-wrapper\"><div class=\"elementor-image-box-content\"><h2 class=\"elementor-image-box-title\">Nous sommes votre r\u00e9f\u00e9rence en \u00e9quipements ext\u00e9rieurs<\/h2><p class=\"elementor-image-box-description\">GRS est une entreprise sp\u00e9cialis\u00e9e dans la vente de machines et d\u2019\u00e9quipements pour l\u2019entretien ext\u00e9rieur. Nous proposons une large gamme de produits de qualit\u00e9, tels que des tondeuses, d\u00e9broussailleuses, faucheuses et bien plus, pour r\u00e9pondre aux besoins des professionnels et particuliers.\n<\/p><\/div><\/div>\t\t\t\t<\/div>\n\t\t\t\t<\/div>\n\t\t\t\t<div class=\"elementor-element elementor-element-fe4d709 elementor-widget elementor-widget-text-editor\" data-id=\"fe4d709\" data-element_type=\"widget\" data-e-type=\"widget\" data-widget_type=\"text-editor.default\">\n\t\t\t\t<div class=\"elementor-widget-container\">\n\t\t\t\t\t\t\t\t\t<p>Notre mission est de fournir des solutions efficaces et durables pour l\u2019am\u00e9nagement et l\u2019entretien des espaces ext\u00e9rieurs. Gr\u00e2ce \u00e0 notre expertise et \u00e0 un service client\u00e8le de qualit\u00e9, nous nous engageons \u00e0 vous offrir les meilleurs produits adapt\u00e9s \u00e0 vos besoins.<\/p><p>\u00a0<\/p>\t\t\t\t\t\t\t\t<\/div>\n\t\t\t\t<\/div>\n\t\t\t\t<\/div>\n\t\t<div class=\"elementor-element elementor-element-f499284 e-con-full e-flex e-con e-child\" data-id=\"f499284\" data-element_type=\"container\" data-e-type=\"container\">\n\t\t\t\t<div class=\"elementor-element elementor-element-12d7e03 elementor-widget elementor-widget-image\" data-id=\"12d7e03\" data-element_type=\"widget\" data-e-type=\"widget\" data-widget_type=\"image.default\">\n\t\t\t\t<div class=\"elementor-widget-container\">\n\t\t\t\t\t\t\t\t\t\t\t\t\t\t\t<img fetchpriority=\"high\" decoding=\"async\" width=\"557\" height=\"1024\" src=\"https:\/\/grs.opik.net\/fr\/wp-content\/uploads\/2025\/03\/Gunther_Ronsijn-557x1024.png\" class=\"attachment-large size-large wp-image-6075\" alt=\"Gunther Ronsijn\" srcset=\"https:\/\/grs.opik.net\/fr\/wp-content\/uploads\/2025\/03\/Gunther_Ronsijn-557x1024.png 557w, https:\/\/grs.opik.net\/fr\/wp-content\/uploads\/2025\/03\/Gunther_Ronsijn-163x300.png 163w, https:\/\/grs.opik.net\/fr\/wp-content\/uploads\/2025\/03\/Gunther_Ronsijn-600x1103.png 600w, https:\/\/grs.opik.net\/fr\/wp-content\/uploads\/2025\/03\/Gunther_Ronsijn.png 653w\" sizes=\"(max-width: 557px) 100vw, 557px\" \/>\t\t\t\t\t\t\t\t\t\t\t\t\t\t\t<\/div>\n\t\t\t\t<\/div>\n\t\t\t\t<\/div>\n\t\t\t\t\t<\/div>\n\t\t\t\t<\/div>\n\t\t<div class=\"elementor-element elementor-element-5f63a0c e-flex e-con-boxed e-con e-parent\" data-id=\"5f63a0c\" data-element_type=\"container\" data-e-type=\"container\" data-settings=\"{&quot;background_background&quot;:&quot;classic&quot;}\">\n\t\t\t\t\t<div class=\"e-con-inner\">\n\t\t\t\t<div class=\"elementor-element elementor-element-834c3f8 elementor-widget elementor-widget-image\" data-id=\"834c3f8\" data-element_type=\"widget\" data-e-type=\"widget\" data-widget_type=\"image.default\">\n\t\t\t\t<div class=\"elementor-widget-container\">\n\t\t\t\t\t\t\t\t\t\t\t\t\t\t\t<img decoding=\"async\" width=\"72\" height=\"72\" src=\"https:\/\/grs.opik.net\/fr\/wp-content\/uploads\/2025\/02\/clientservice-icon.png\" class=\"attachment-medium size-medium wp-image-5798\" alt=\"Client service\" \/>\t\t\t\t\t\t\t\t\t\t\t\t\t\t\t<\/div>\n\t\t\t\t<\/div>\n\t\t\t\t<div class=\"elementor-element elementor-element-b88cea1 elementor-widget elementor-widget-heading\" data-id=\"b88cea1\" data-element_type=\"widget\" data-e-type=\"widget\" data-widget_type=\"heading.default\">\n\t\t\t\t<div class=\"elementor-widget-container\">\n\t\t\t\t\t<h2 class=\"elementor-heading-title elementor-size-default\">Le service client:<\/h2>\t\t\t\t<\/div>\n\t\t\t\t<\/div>\n\t\t\t\t<div class=\"elementor-element elementor-element-f9e2c8e elementor-widget elementor-widget-text-editor\" data-id=\"f9e2c8e\" data-element_type=\"widget\" data-e-type=\"widget\" data-widget_type=\"text-editor.default\">\n\t\t\t\t<div class=\"elementor-widget-container\">\n\t\t\t\t\t\t\t\t\t<ul><li>Services aux professionnels, aux Villes et Communes<\/li><li>Nous disposons d\u2019un tr\u00e8s grand stock de pi\u00e8ces et de techniciens qualifi\u00e9s.<\/li><li>Nous sommes sp\u00e9cialis\u00e9s de mat\u00e9riel de haute qualit\u00e9 ayant fait ses preuves aupr\u00e8s de nos clients.<\/li><li>Premier entretien de la machine (d\u00e9placement compris).<br \/><br \/><\/li><li>Nous livrons chez vous.<\/li><li>Nous prenons le temps n\u00e9cessaire pour une prise en main optimale par l\u2019utilisateur final.<\/li><li>Une formation de l\u2019utilisation de notre mat\u00e9riel est toujours incluse.<\/li><li>Tous les documents, manuels, d\u00e9clarations CE, liste des pi\u00e8ces, etc\u2026. sont fournis.<\/li><li>Nous apportons une attention toute particuli\u00e8re sur les prescriptions et dispositifs de s\u00e9curit\u00e9.<\/li><li>En cas de panne les pi\u00e8ces vous seront fournies par notre service de transport ou en urgence par une livraison express en direct de nos fournisseurs.<\/li><\/ul>\t\t\t\t\t\t\t\t<\/div>\n\t\t\t\t<\/div>\n\t\t\t\t\t<\/div>\n\t\t\t\t<\/div>\n\t\t<div class=\"elementor-element elementor-element-5fee645 e-flex e-con-boxed e-con e-parent\" data-id=\"5fee645\" data-element_type=\"container\" data-e-type=\"container\">\n\t\t\t\t\t<div class=\"e-con-inner\">\n\t\t<div class=\"elementor-element elementor-element-c2ec23e e-con-full e-flex e-con e-child\" data-id=\"c2ec23e\" data-element_type=\"container\" data-e-type=\"container\">\n\t\t<div class=\"elementor-element elementor-element-9223fb6 e-con-full e-flex e-con e-child\" data-id=\"9223fb6\" data-element_type=\"container\" data-e-type=\"container\" data-settings=\"{&quot;background_background&quot;:&quot;classic&quot;}\">\n\t\t\t\t<div class=\"elementor-element elementor-element-44a06a9 elementor-widget elementor-widget-heading\" data-id=\"44a06a9\" data-element_type=\"widget\" data-e-type=\"widget\" data-widget_type=\"heading.default\">\n\t\t\t\t<div class=\"elementor-widget-container\">\n\t\t\t\t\t<h1 class=\"elementor-heading-title elementor-size-default\">Les avantages<\/h1>\t\t\t\t<\/div>\n\t\t\t\t<\/div>\n\t\t<div class=\"elementor-element elementor-element-67d05bf e-con-full e-flex e-con e-child\" data-id=\"67d05bf\" data-element_type=\"container\" data-e-type=\"container\">\n\t\t\t\t<div class=\"elementor-element elementor-element-66e16c7 elementor-widget__width-initial elementor-widget elementor-widget-html\" data-id=\"66e16c7\" data-element_type=\"widget\" data-e-type=\"widget\" data-widget_type=\"html.default\">\n\t\t\t\t<div class=\"elementor-widget-container\">\n\t\t\t\t\t<div style=\"width: 60px; height: 60px; background: linear-gradient(to bottom right, #E7FFCB82 30%, #8BC34A 70%); border-radius: 50%; display: flex; align-items: center; justify-content: center; border: 2px solid #587F2E\">\n    <i class=\"fa fa-check\" style=\"color: #6A9739; font-size: 30px;\"><\/i>\n<\/div>\n\t\t\t\t<\/div>\n\t\t\t\t<\/div>\n\t\t\t\t<div class=\"elementor-element elementor-element-f40ac2a elementor-widget elementor-widget-text-editor\" data-id=\"f40ac2a\" data-element_type=\"widget\" data-e-type=\"widget\" data-widget_type=\"text-editor.default\">\n\t\t\t\t<div class=\"elementor-widget-container\">\n\t\t\t\t\t\t\t\t\t<p><strong>Accompagner les communes dans leurs d\u00e9fis vertueux,<\/strong><br \/><strong>du d\u00e9sherbage sans produits phytosanitaires.<\/strong><\/p>\t\t\t\t\t\t\t\t<\/div>\n\t\t\t\t<\/div>\n\t\t\t\t<\/div>\n\t\t<div class=\"elementor-element elementor-element-4aa9e0a e-con-full e-flex e-con e-child\" data-id=\"4aa9e0a\" data-element_type=\"container\" data-e-type=\"container\">\n\t\t\t\t<div class=\"elementor-element elementor-element-1d99eaf elementor-widget__width-initial elementor-widget elementor-widget-html\" data-id=\"1d99eaf\" data-element_type=\"widget\" data-e-type=\"widget\" data-widget_type=\"html.default\">\n\t\t\t\t<div class=\"elementor-widget-container\">\n\t\t\t\t\t<div style=\"width: 60px; height: 60px; background: linear-gradient(to bottom right, #E7FFCB82 30%, #8BC34A 70%); border-radius: 50%; display: flex; align-items: center; justify-content: center; border: 2px solid #587F2E\">\n    <i class=\"fa fa-check\" style=\"color: #6A9739; font-size: 30px;\"><\/i>\n<\/div>\n\t\t\t\t<\/div>\n\t\t\t\t<\/div>\n\t\t\t\t<div class=\"elementor-element elementor-element-02dc680 elementor-widget elementor-widget-text-editor\" data-id=\"02dc680\" data-element_type=\"widget\" data-e-type=\"widget\" data-widget_type=\"text-editor.default\">\n\t\t\t\t<div class=\"elementor-widget-container\">\n\t\t\t\t\t\t\t\t\t<p><strong>Nous vous faisons b\u00e9n\u00e9ficier de notre expertise<\/strong>, acquise<br \/>sur le terrain, depuis de nombreuses ann\u00e9es, avec comme partenaires directs, les employ\u00e9s communaux, qui nous font leurs retours d&rsquo;exp\u00e9rience.<\/p>\t\t\t\t\t\t\t\t<\/div>\n\t\t\t\t<\/div>\n\t\t\t\t<\/div>\n\t\t<div class=\"elementor-element elementor-element-63c27db e-con-full e-flex e-con e-child\" data-id=\"63c27db\" data-element_type=\"container\" data-e-type=\"container\">\n\t\t\t\t<div class=\"elementor-element elementor-element-62160b9 elementor-widget__width-initial elementor-widget elementor-widget-html\" data-id=\"62160b9\" data-element_type=\"widget\" data-e-type=\"widget\" data-widget_type=\"html.default\">\n\t\t\t\t<div class=\"elementor-widget-container\">\n\t\t\t\t\t<div style=\"width: 60px; height: 60px; background: linear-gradient(to bottom right, #E7FFCB82 30%, #8BC34A 70%); border-radius: 50%; display: flex; align-items: center; justify-content: center; border: 2px solid #587F2E\">\n    <i class=\"fa fa-check\" style=\"color: #6A9739; font-size: 30px;\"><\/i>\n<\/div>\n\t\t\t\t<\/div>\n\t\t\t\t<\/div>\n\t\t\t\t<div class=\"elementor-element elementor-element-e955457 elementor-widget elementor-widget-text-editor\" data-id=\"e955457\" data-element_type=\"widget\" data-e-type=\"widget\" data-widget_type=\"text-editor.default\">\n\t\t\t\t<div class=\"elementor-widget-container\">\n\t\t\t\t\t\t\t\t\t<p>Notre mat\u00e9riel, maniable, performant, multit\u00e2ches, \u00e9tudi\u00e9, adapt\u00e9, pour et par des professionnels, <strong>engendre de cons\u00e9quentes \u00e9conomies, sur le plan financier.<\/strong><\/p>\t\t\t\t\t\t\t\t<\/div>\n\t\t\t\t<\/div>\n\t\t\t\t<\/div>\n\t\t<div class=\"elementor-element elementor-element-7846050 e-con-full e-flex e-con e-child\" data-id=\"7846050\" data-element_type=\"container\" data-e-type=\"container\">\n\t\t\t\t<div class=\"elementor-element elementor-element-528a4cb elementor-widget__width-initial elementor-widget elementor-widget-html\" data-id=\"528a4cb\" data-element_type=\"widget\" data-e-type=\"widget\" data-widget_type=\"html.default\">\n\t\t\t\t<div class=\"elementor-widget-container\">\n\t\t\t\t\t<div style=\"width: 60px; height: 60px; background: linear-gradient(to bottom right, #E7FFCB82 30%, #8BC34A 70%); border-radius: 50%; display: flex; align-items: center; justify-content: center; border: 2px solid #587F2E\">\n    <i class=\"fa fa-check\" style=\"color: #6A9739; font-size: 30px;\"><\/i>\n<\/div>\n\t\t\t\t<\/div>\n\t\t\t\t<\/div>\n\t\t\t\t<div class=\"elementor-element elementor-element-6ff9ea9 elementor-widget elementor-widget-text-editor\" data-id=\"6ff9ea9\" data-element_type=\"widget\" data-e-type=\"widget\" data-widget_type=\"text-editor.default\">\n\t\t\t\t<div class=\"elementor-widget-container\">\n\t\t\t\t\t\t\t\t\t<p><strong>Nous vous faisons gagner en termes de main d&rsquo;\u0153uvre un temps pr\u00e9cieux et consid\u00e9rable<\/strong>, qui permet de lib\u00e9rer votre personnel \u00e0 d&rsquo;autres t\u00e2ches et de les pr\u00e9server physiquement.<\/p>\t\t\t\t\t\t\t\t<\/div>\n\t\t\t\t<\/div>\n\t\t\t\t<\/div>\n\t\t\t\t<\/div>\n\t\t<div class=\"elementor-element elementor-element-2ef6335 e-con-full e-flex e-con e-child\" data-id=\"2ef6335\" data-element_type=\"container\" data-e-type=\"container\">\n\t\t<div class=\"elementor-element elementor-element-4558524 e-con-full e-flex e-con e-child\" data-id=\"4558524\" data-element_type=\"container\" data-e-type=\"container\" data-settings=\"{&quot;background_background&quot;:&quot;classic&quot;}\">\n\t\t\t\t<div class=\"elementor-element elementor-element-074efe2 elementor-widget elementor-widget-image\" data-id=\"074efe2\" data-element_type=\"widget\" data-e-type=\"widget\" data-widget_type=\"image.default\">\n\t\t\t\t<div class=\"elementor-widget-container\">\n\t\t\t\t\t\t\t\t\t\t\t\t\t\t\t<img decoding=\"async\" width=\"48\" height=\"48\" src=\"https:\/\/grs.opik.net\/fr\/wp-content\/uploads\/2025\/02\/Notre-metier.png\" class=\"attachment-thumbnail size-thumbnail wp-image-5960\" alt=\"Notre m\u00e9tier\" \/>\t\t\t\t\t\t\t\t\t\t\t\t\t\t\t<\/div>\n\t\t\t\t<\/div>\n\t\t\t\t<div class=\"elementor-element elementor-element-7a6aadb elementor-widget elementor-widget-heading\" data-id=\"7a6aadb\" data-element_type=\"widget\" data-e-type=\"widget\" data-widget_type=\"heading.default\">\n\t\t\t\t<div class=\"elementor-widget-container\">\n\t\t\t\t\t<h2 class=\"elementor-heading-title elementor-size-default\">Notre m\u00e9tier <\/h2>\t\t\t\t<\/div>\n\t\t\t\t<\/div>\n\t\t\t\t<div class=\"elementor-element elementor-element-7994e28 elementor-widget elementor-widget-text-editor\" data-id=\"7994e28\" data-element_type=\"widget\" data-e-type=\"widget\" data-widget_type=\"text-editor.default\">\n\t\t\t\t<div class=\"elementor-widget-container\">\n\t\t\t\t\t\t\t\t\t<p>Nous sommes sp\u00e9cialis\u00e9s dans le d\u00e9sherbage m\u00e9canique, <strong>Z\u00e9ro Phyto,<\/strong> dans le domaine des espaces urbains et espaces vert.<\/p>\t\t\t\t\t\t\t\t<\/div>\n\t\t\t\t<\/div>\n\t\t\t\t<\/div>\n\t\t<div class=\"elementor-element elementor-element-3fc0848 e-con-full e-flex e-con e-child\" data-id=\"3fc0848\" data-element_type=\"container\" data-e-type=\"container\" data-settings=\"{&quot;background_background&quot;:&quot;classic&quot;}\">\n\t\t\t\t<div class=\"elementor-element elementor-element-9dfb705 elementor-widget elementor-widget-heading\" data-id=\"9dfb705\" data-element_type=\"widget\" data-e-type=\"widget\" data-widget_type=\"heading.default\">\n\t\t\t\t<div class=\"elementor-widget-container\">\n\t\t\t\t\t<h3 class=\"elementor-heading-title elementor-size-default\">G R S<\/h3>\t\t\t\t<\/div>\n\t\t\t\t<\/div>\n\t\t\t\t<div class=\"elementor-element elementor-element-65f7108 elementor-widget elementor-widget-text-editor\" data-id=\"65f7108\" data-element_type=\"widget\" data-e-type=\"widget\" data-widget_type=\"text-editor.default\">\n\t\t\t\t<div class=\"elementor-widget-container\">\n\t\t\t\t\t\t\t\t\t<p><strong>L\u2019\u00e9volution,<\/strong><\/p><p><strong>L\u2019optimisation<\/strong>,<\/p><p><strong>L\u2019am\u00e9lioration,<\/strong><\/p><p>de mat\u00e9riels, de machines et d\u2019outils en collaboration, avec nos clients<\/p>\t\t\t\t\t\t\t\t<\/div>\n\t\t\t\t<\/div>\n\t\t\t\t<\/div>\n\t\t\t\t<\/div>\n\t\t\t\t<\/div>\n\t\t\t\t\t<\/div>\n\t\t\t\t<\/div>\n\t\t<div class=\"elementor-element elementor-element-8c083e7 e-flex e-con-boxed e-con e-parent\" data-id=\"8c083e7\" data-element_type=\"container\" data-e-type=\"container\" data-settings=\"{&quot;background_background&quot;:&quot;classic&quot;}\">\n\t\t\t\t\t<div class=\"e-con-inner\">\n\t\t\t\t\t<\/div>\n\t\t\t\t<\/div>\n\t\t\t\t<\/div>\n\t\t","protected":false},"excerpt":{"rendered":"<p>\u00c0 propos de nous Nous sommes votre r\u00e9f\u00e9rence en \u00e9quipements ext\u00e9rieurs GRS est une entreprise sp\u00e9cialis\u00e9e dans la vente de machines et d\u2019\u00e9quipements pour l\u2019entretien ext\u00e9rieur. Nous proposons une large gamme de produits de qualit\u00e9, tels que des tondeuses, d\u00e9broussailleuses, faucheuses et bien plus, pour r\u00e9pondre aux besoins des professionnels et particuliers. Notre mission est [&hellip;]<\/p>\n","protected":false},"author":1,"featured_media":0,"parent":0,"menu_order":0,"comment_status":"closed","ping_status":"closed","template":"","meta":{"_acf_changed":false,"site-sidebar-layout":"no-sidebar","site-content-layout":"page-builder","ast-site-content-layout":"full-width-container","site-content-style":"unboxed","site-sidebar-style":"unboxed","ast-global-header-display":"","ast-banner-title-visibility":"","ast-main-header-display":"","ast-hfb-above-header-display":"","ast-hfb-below-header-display":"","ast-hfb-mobile-header-display":"","site-post-title":"disabled","ast-breadcrumbs-content":"","ast-featured-img":"disabled","footer-sml-layout":"","ast-disable-related-posts":"","theme-transparent-header-meta":"disabled","adv-header-id-meta":"","stick-header-meta":"","header-above-stick-meta":"","header-main-stick-meta":"","header-below-stick-meta":"","astra-migrate-meta-layouts":"set","ast-page-background-enabled":"default","ast-page-background-meta":{"desktop":{"background-color":"","background-image":"","background-repeat":"repeat","background-position":"center center","background-size":"auto","background-attachment":"scroll","background-type":"","background-media":"","overlay-type":"","overlay-color":"","overlay-opacity":"","overlay-gradient":""},"tablet":{"background-color":"","background-image":"","background-repeat":"repeat","background-position":"center center","background-size":"auto","background-attachment":"scroll","background-type":"","background-media":"","overlay-type":"","overlay-color":"","overlay-opacity":"","overlay-gradient":""},"mobile":{"background-color":"","background-image":"","background-repeat":"repeat","background-position":"center center","background-size":"auto","background-attachment":"scroll","background-type":"","background-media":"","overlay-type":"","overlay-color":"","overlay-opacity":"","overlay-gradient":""}},"ast-content-background-meta":{"desktop":{"background-color":"var(--ast-global-color-5)","background-image":"","background-repeat":"repeat","background-position":"center center","background-size":"auto","background-attachment":"scroll","background-type":"","background-media":"","overlay-type":"","overlay-color":"","overlay-opacity":"","overlay-gradient":""},"tablet":{"background-color":"var(--ast-global-color-5)","background-image":"","background-repeat":"repeat","background-position":"center center","background-size":"auto","background-attachment":"scroll","background-type":"","background-media":"","overlay-type":"","overlay-color":"","overlay-opacity":"","overlay-gradient":""},"mobile":{"background-color":"var(--ast-global-color-5)","background-image":"","background-repeat":"repeat","background-position":"center center","background-size":"auto","background-attachment":"scroll","background-type":"","background-media":"","overlay-type":"","overlay-color":"","overlay-opacity":"","overlay-gradient":""}},"slim_seo":{"title":"\u00c0 propos de nous","description":"GRS est une entreprise sp\u00e9cialis\u00e9e dans la vente de machines et d\u2019\u00e9quipements pour l\u2019entretien ext\u00e9rieur. Nous proposons une large gamme de produits de qualit\u00e9, tels que des tondeuses, d\u00e9broussailleuses, faucheuses et bien plus, pour r\u00e9pondre aux besoins des professionnels et particuliers. Notre mission est de fournir des solutions efficaces et durables pour l\u2019am\u00e9nagement et l\u2019entretien des espaces ext\u00e9rieurs. Gr\u00e2ce \u00e0 notre expertise et \u00e0 un service client\u00e8le de qualit\u00e9, nous nous engageons \u00e0 vous offrir les meilleurs produits adapt\u00e9s \u00e0 vos besoins."},"footnotes":""},"class_list":["post-96","page","type-page","status-publish","hentry"],"acf":[],"_links":{"self":[{"href":"https:\/\/grs.opik.net\/fr\/wp-json\/wp\/v2\/pages\/96","targetHints":{"allow":["GET"]}}],"collection":[{"href":"https:\/\/grs.opik.net\/fr\/wp-json\/wp\/v2\/pages"}],"about":[{"href":"https:\/\/grs.opik.net\/fr\/wp-json\/wp\/v2\/types\/page"}],"author":[{"embeddable":true,"href":"https:\/\/grs.opik.net\/fr\/wp-json\/wp\/v2\/users\/1"}],"replies":[{"embeddable":true,"href":"https:\/\/grs.opik.net\/fr\/wp-json\/wp\/v2\/comments?post=96"}],"version-history":[{"count":73,"href":"https:\/\/grs.opik.net\/fr\/wp-json\/wp\/v2\/pages\/96\/revisions"}],"predecessor-version":[{"id":6328,"href":"https:\/\/grs.opik.net\/fr\/wp-json\/wp\/v2\/pages\/96\/revisions\/6328"}],"wp:attachment":[{"href":"https:\/\/grs.opik.net\/fr\/wp-json\/wp\/v2\/media?parent=96"}],"curies":[{"name":"wp","href":"https:\/\/api.w.org\/{rel}","templated":true}]}}